{"id":2415,"date":"2025-07-08T16:15:55","date_gmt":"2025-07-08T16:15:55","guid":{"rendered":"https:\/\/fotoklic.com\/contact\/"},"modified":"2025-07-26T18:15:51","modified_gmt":"2025-07-26T18:15:51","slug":"contacto","status":"publish","type":"page","link":"https:\/\/fotoklic.com\/de\/contacto\/","title":{"rendered":"Kontakt"},"content":{"rendered":"<div id=\"ez-toc-container\" class=\"ez-toc-v2_0_82_2 counter-hierarchy ez-toc-counter ez-toc-black ez-toc-container-direction\">\n<div class=\"ez-toc-title-container\">\n<p class=\"ez-toc-title\" style=\"cursor:inherit\"><\/p>\n<span class=\"ez-toc-title-toggle\"><a href=\"#\" class=\"ez-toc-pull-right ez-toc-btn ez-toc-btn-xs ez-toc-btn-default ez-toc-toggle\" aria-label=\"Toggle Table of Content\"><span class=\"ez-toc-js-icon-con\"><span class=\"\"><span class=\"eztoc-hide\" style=\"display:none;\">Toggle<\/span><span class=\"ez-toc-icon-toggle-span\"><svg style=\"fill: #999;color:#999\" xmlns=\"http:\/\/www.w3.org\/2000\/svg\" class=\"list-377408\" width=\"20px\" height=\"20px\" viewBox=\"0 0 24 24\" fill=\"none\"><path d=\"M6 6H4v2h2V6zm14 0H8v2h12V6zM4 11h2v2H4v-2zm16 0H8v2h12v-2zM4 16h2v2H4v-2zm16 0H8v2h12v-2z\" fill=\"currentColor\"><\/path><\/svg><svg style=\"fill: #999;color:#999\" class=\"arrow-unsorted-368013\" xmlns=\"http:\/\/www.w3.org\/2000\/svg\" width=\"10px\" height=\"10px\" viewBox=\"0 0 24 24\" version=\"1.2\" baseProfile=\"tiny\"><path d=\"M18.2 9.3l-6.2-6.3-6.2 6.3c-.2.2-.3.4-.3.7s.1.5.3.7c.2.2.4.3.7.3h11c.3 0 .5-.1.7-.3.2-.2.3-.5.3-.7s-.1-.5-.3-.7zM5.8 14.7l6.2 6.3 6.2-6.3c.2-.2.3-.5.3-.7s-.1-.5-.3-.7c-.2-.2-.4-.3-.7-.3h-11c-.3 0-.5.1-.7.3-.2.2-.3.5-.3.7s.1.5.3.7z\"\/><\/svg><\/span><\/span><\/span><\/a><\/span><\/div>\n<nav><ul class='ez-toc-list ez-toc-list-level-1 eztoc-toggle-hide-by-default' ><li class='ez-toc-page-1 ez-toc-heading-level-2'><a class=\"ez-toc-link ez-toc-heading-1\" href=\"https:\/\/fotoklic.com\/de\/contacto\/#Kontaktinformationen\" >Kontaktinformationen<\/a><\/li><li class='ez-toc-page-1 ez-toc-heading-level-2'><a class=\"ez-toc-link ez-toc-heading-2\" href=\"https:\/\/fotoklic.com\/de\/contacto\/#Kollaborationen\" >Kollaborationen<\/a><\/li><li class='ez-toc-page-1 ez-toc-heading-level-2'><a class=\"ez-toc-link ez-toc-heading-3\" href=\"https:\/\/fotoklic.com\/de\/contacto\/#Senden_Sie_uns_Ihre_Anfrage\" >Senden Sie uns Ihre Anfrage<\/a><\/li><li class='ez-toc-page-1 ez-toc-heading-level-2'><a class=\"ez-toc-link ez-toc-heading-4\" href=\"https:\/\/fotoklic.com\/de\/contacto\/#Ueber_Fotoklic\" >\u00dcber Fotoklic<\/a><\/li><li class='ez-toc-page-1 ez-toc-heading-level-2'><a class=\"ez-toc-link ez-toc-heading-5\" href=\"https:\/\/fotoklic.com\/de\/contacto\/#Reaktionszeit\" >Reaktionszeit<\/a><\/li><li class='ez-toc-page-1 ez-toc-heading-level-2'><a class=\"ez-toc-link ez-toc-heading-6\" href=\"https:\/\/fotoklic.com\/de\/contacto\/#Folgen_Sie_uns_unter\" >Folgen Sie uns unter<\/a><\/li><li class='ez-toc-page-1 ez-toc-heading-level-2'><a class=\"ez-toc-link ez-toc-heading-7\" href=\"https:\/\/fotoklic.com\/de\/contacto\/#Standort\" >Standort<\/a><\/li><li class='ez-toc-page-1 ez-toc-heading-level-2'><a class=\"ez-toc-link ez-toc-heading-8\" href=\"https:\/\/fotoklic.com\/de\/contacto\/#Haeufig_gestellte_Fragen\" >H\u00e4ufig gestellte Fragen<\/a><\/li><\/ul><\/nav><\/div>\n\n<p class=\"\">Haben Sie Fragen, Anregungen oder m\u00f6chten Sie mit uns zusammenarbeiten? Wir w\u00fcrden uns freuen, von Ihnen zu h\u00f6ren! <\/p>\n\n<h2 class=\"wp-block-heading\"><span class=\"ez-toc-section\" id=\"Kontaktinformationen\"><\/span>Kontaktinformationen<span class=\"ez-toc-section-end\"><\/span><\/h2>\n\n<p class=\"\"><strong>Haupt-E-Mail:<\/strong> contacto@fotoklic.com<\/p>\n\n<h2 class=\"wp-block-heading\"><span class=\"ez-toc-section\" id=\"Kollaborationen\"><\/span>Kollaborationen<span class=\"ez-toc-section-end\"><\/span><\/h2>\n\n<p class=\"\">Wir sind immer offen f\u00fcr interessante Kooperationen:<\/p>\n\n<h3 class=\"wp-block-heading\">F\u00fcr Marken und Hersteller:<\/h3>\n\n<ul class=\"wp-block-list\">\n<li class=\"\">Produktbewertungen<\/li>\n\n\n\n<li class=\"\">Berichterstattung \u00fcber das Ereignis<\/li>\n\n\n\n<li class=\"\">Strategische Partnerschaften<\/li>\n\n\n\n<li class=\"\">Produkteinf\u00fchrungen<\/li>\n<\/ul>\n\n<h3 class=\"wp-block-heading\">F\u00fcr Fotografen und Kreative:<\/h3>\n\n<ul class=\"wp-block-list\">\n<li class=\"\">Gastartikel<\/li>\n\n\n\n<li class=\"\">Spezialisierte Tutorien<\/li>\n\n\n\n<li class=\"\">Interviews und Profile<\/li>\n\n\n\n<li class=\"\">Zusammenarbeit bei Inhalten<\/li>\n<\/ul>\n\n<h2 class=\"wp-block-heading\"><span class=\"ez-toc-section\" id=\"Senden_Sie_uns_Ihre_Anfrage\"><\/span>Senden Sie uns Ihre Anfrage<span class=\"ez-toc-section-end\"><\/span><\/h2>\n<p class=\"wpcf7-contact-form-not-found\"><strong>Fehler:<\/strong> Kontaktformular wurde nicht gefunden.<\/p>\n\n<br\/><br\/>\n\n<h2 class=\"wp-block-heading\"><span class=\"ez-toc-section\" id=\"Ueber_Fotoklic\"><\/span>\u00dcber Fotoklic<span class=\"ez-toc-section-end\"><\/span><\/h2>\n\n<p class=\"\">Fotoklic ist Ihre zuverl\u00e4ssige Quelle f\u00fcr Informationen \u00fcber die Welt der Fotografie. Wir berichten: <\/p>\n\n<ul class=\"wp-block-list\">\n<li class=\"\"><strong>Nachrichten<\/strong> aus der Fotobranche<\/li>\n\n\n\n<li class=\"\">Detaillierte <strong>Bewertungen der<\/strong> Ausr\u00fcstung<\/li>\n\n\n\n<li class=\"\"><strong>Analyse<\/strong> der neuesten Technologien<\/li>\n\n\n\n<li class=\"\">Praktische <strong>Leitf\u00e4den<\/strong> f\u00fcr Fotografen<\/li>\n\n\n\n<li class=\"\"><strong>Berichterstattung \u00fcber<\/strong> Veranstaltungen und Markteinf\u00fchrungen<\/li>\n<\/ul>\n\n<h2 class=\"wp-block-heading\"><span class=\"ez-toc-section\" id=\"Reaktionszeit\"><\/span>Reaktionszeit<span class=\"ez-toc-section-end\"><\/span><\/h2>\n\n<p class=\"\">Wir bem\u00fchen uns, alle Anfragen an Werktagen innerhalb von <strong>24-48 Stunden<\/strong> zu beantworten.<\/p>\n\n<h2 class=\"wp-block-heading\"><span class=\"ez-toc-section\" id=\"Folgen_Sie_uns_unter\"><\/span>Folgen Sie uns unter<span class=\"ez-toc-section-end\"><\/span><\/h2>\n\n<ul class=\"wp-block-list\">\n<li class=\"\"><strong>Newsletter:<\/strong> Abonnieren Sie unsere neuesten Nachrichten<\/li>\n\n\n\n<li class=\"\"><strong>RSS:<\/strong> Bleiben Sie auf dem Laufenden mit unserem Feed<\/li>\n<\/ul>\n\n<h2 class=\"wp-block-heading\"><span class=\"ez-toc-section\" id=\"Standort\"><\/span>Standort<span class=\"ez-toc-section-end\"><\/span><\/h2>\n\n<p class=\"\"><strong>Mexiko<\/strong> | Internationale Berichterstattung<\/p>\n\n<hr class=\"wp-block-separator has-alpha-channel-opacity\"\/>\n\n<h3 class=\"wp-block-heading\">Wichtige Richtlinien<\/h3>\n\n<p class=\"\">Bevor Sie sich mit uns in Verbindung setzen, sollten Sie sich die folgenden Informationen ansehen:<\/p>\n\n<ul class=\"wp-block-list\">\n<li class=\"\"><a href=\"https:\/\/fotoklic.com\/de\/datenschutzbestimmungen\/\">Datenschutzbestimmungen<\/a><\/li>\n\n\n\n<li class=\"\"><a href=\"https:\/\/fotoklic.com\/de\/nutzungsbedingungen\/\">Nutzungsbedingungen<\/a><\/li>\n<\/ul>\n\n<h2 class=\"wp-block-heading\"><span class=\"ez-toc-section\" id=\"Haeufig_gestellte_Fragen\"><\/span>H\u00e4ufig gestellte Fragen<span class=\"ez-toc-section-end\"><\/span><\/h2>\n\n<h3 class=\"wp-block-heading\">Schreiben Sie Produktbewertungen?<\/h3>\n\n<p class=\"\">Ja, wir schreiben unabh\u00e4ngige und ehrliche Rezensionen. Kontaktieren Sie unser Redaktionsteam f\u00fcr weitere Informationen. <\/p>\n\n<h3 class=\"wp-block-heading\">Akzeptieren Sie Gastartikel?<\/h3>\n\n<p class=\"\">Wir ber\u00fccksichtigen Vorschl\u00e4ge f\u00fcr qualitativ hochwertige Inhalte. Schicken Sie uns Ihr Angebot mit Beispielen Ihrer Arbeit. <\/p>\n\n<h3 class=\"wp-block-heading\">Wie kann ich Nachrichten oder Pressemitteilungen versenden?<\/h3>\n\n<p class=\"\">Senden Sie Ihre Pressemitteilungen mit allen relevanten Informationen an contacto@fotoklic.com.<\/p>\n\n<h3 class=\"wp-block-heading\">Bieten Sie Beratungsdienste an?<\/h3>\n\n<p class=\"\">Wir konzentrieren uns derzeit auf redaktionelle Inhalte. F\u00fcr spezifische Anfragen schreiben Sie uns bitte. <\/p>\n\n<hr class=\"wp-block-separator has-alpha-channel-opacity\"\/>\n\n<p class=\"\"><em>Wenn Sie eine Frage haben, die hier nicht aufgef\u00fchrt ist, z\u00f6gern Sie nicht, uns zu schreiben! <\/em><\/p>\n","protected":false},"excerpt":{"rendered":"<p>Haben Sie Fragen, Anregungen oder m\u00f6chten Sie mit uns zusammenarbeiten? Wir w\u00fcrden uns freuen, von Ihnen zu h\u00f6ren! Kontaktinformationen Haupt-E-Mail: contacto@fotoklic.com Kollaborationen Wir sind immer offen f\u00fcr interessante Kooperationen: F\u00fcr Marken und Hersteller: F\u00fcr Fotografen und Kreative: Senden Sie uns Ihre Anfrage \u00dcber Fotoklic Fotoklic ist Ihre zuverl\u00e4ssige Quelle f\u00fcr Informationen \u00fcber die Welt der&#8230;<\/p>\n","protected":false},"author":1,"featured_media":0,"parent":0,"menu_order":0,"comment_status":"closed","ping_status":"closed","template":"","meta":{"_monsterinsights_skip_tracking":false,"_monsterinsights_sitenote_active":false,"_monsterinsights_sitenote_note":"","_monsterinsights_sitenote_category":0,"footnotes":""},"class_list":{"0":"post-2415","1":"page","2":"type-page","3":"status-publish","4":"hentry","5":"article","6":"","8":"has-excerpt","9":"has-avatar","10":"has-author","11":"has-nickname","12":"has-date","13":"has-comment-count","14":"has-read-more","15":"has-title","16":"thumbnail-","17":"has-tfm-share-icons"},"_links":{"self":[{"href":"https:\/\/fotoklic.com\/de\/wp-json\/wp\/v2\/pages\/2415","targetHints":{"allow":["GET"]}}],"collection":[{"href":"https:\/\/fotoklic.com\/de\/wp-json\/wp\/v2\/pages"}],"about":[{"href":"https:\/\/fotoklic.com\/de\/wp-json\/wp\/v2\/types\/page"}],"author":[{"embeddable":true,"href":"https:\/\/fotoklic.com\/de\/wp-json\/wp\/v2\/users\/1"}],"replies":[{"embeddable":true,"href":"https:\/\/fotoklic.com\/de\/wp-json\/wp\/v2\/comments?post=2415"}],"version-history":[{"count":9,"href":"https:\/\/fotoklic.com\/de\/wp-json\/wp\/v2\/pages\/2415\/revisions"}],"predecessor-version":[{"id":2867,"href":"https:\/\/fotoklic.com\/de\/wp-json\/wp\/v2\/pages\/2415\/revisions\/2867"}],"wp:attachment":[{"href":"https:\/\/fotoklic.com\/de\/wp-json\/wp\/v2\/media?parent=2415"}],"curies":[{"name":"wp","href":"https:\/\/api.w.org\/{rel}","templated":true}]}}