{"id":2411,"date":"2025-07-08T16:18:19","date_gmt":"2025-07-08T16:18:19","guid":{"rendered":"https:\/\/fotoklic.com\/advertise\/"},"modified":"2025-07-26T18:21:33","modified_gmt":"2025-07-26T18:21:33","slug":"partnerschaftsoffenlegung","status":"publish","type":"page","link":"https:\/\/fotoklic.com\/de\/partnerschaftsoffenlegung\/","title":{"rendered":"Offenlegung von Partnerschaften"},"content":{"rendered":"<div id=\"ez-toc-container\" class=\"ez-toc-v2_0_82_2 counter-hierarchy ez-toc-counter ez-toc-black ez-toc-container-direction\">\n<div class=\"ez-toc-title-container\">\n<p class=\"ez-toc-title\" style=\"cursor:inherit\"><\/p>\n<span class=\"ez-toc-title-toggle\"><a href=\"#\" class=\"ez-toc-pull-right ez-toc-btn ez-toc-btn-xs ez-toc-btn-default ez-toc-toggle\" aria-label=\"Toggle Table of Content\"><span class=\"ez-toc-js-icon-con\"><span class=\"\"><span class=\"eztoc-hide\" style=\"display:none;\">Toggle<\/span><span class=\"ez-toc-icon-toggle-span\"><svg style=\"fill: #999;color:#999\" xmlns=\"http:\/\/www.w3.org\/2000\/svg\" class=\"list-377408\" width=\"20px\" height=\"20px\" viewBox=\"0 0 24 24\" fill=\"none\"><path d=\"M6 6H4v2h2V6zm14 0H8v2h12V6zM4 11h2v2H4v-2zm16 0H8v2h12v-2zM4 16h2v2H4v-2zm16 0H8v2h12v-2z\" fill=\"currentColor\"><\/path><\/svg><svg style=\"fill: #999;color:#999\" class=\"arrow-unsorted-368013\" xmlns=\"http:\/\/www.w3.org\/2000\/svg\" width=\"10px\" height=\"10px\" viewBox=\"0 0 24 24\" version=\"1.2\" baseProfile=\"tiny\"><path d=\"M18.2 9.3l-6.2-6.3-6.2 6.3c-.2.2-.3.4-.3.7s.1.5.3.7c.2.2.4.3.7.3h11c.3 0 .5-.1.7-.3.2-.2.3-.5.3-.7s-.1-.5-.3-.7zM5.8 14.7l6.2 6.3 6.2-6.3c.2-.2.3-.5.3-.7s-.1-.5-.3-.7c-.2-.2-.4-.3-.7-.3h-11c-.3 0-.5.1-.7.3-.2.2-.3.5-.3.7s.1.5.3.7z\"\/><\/svg><\/span><\/span><\/span><\/a><\/span><\/div>\n<nav><ul class='ez-toc-list ez-toc-list-level-1 eztoc-toggle-hide-by-default' ><li class='ez-toc-page-1 ez-toc-heading-level-2'><a class=\"ez-toc-link ez-toc-heading-1\" href=\"https:\/\/fotoklic.com\/de\/partnerschaftsoffenlegung\/#Transparenz_bei_der_Monetarisierung\" >Transparenz bei der Monetarisierung<\/a><\/li><li class='ez-toc-page-1 ez-toc-heading-level-2'><a class=\"ez-toc-link ez-toc-heading-2\" href=\"https:\/\/fotoklic.com\/de\/partnerschaftsoffenlegung\/#Wie_Affiliate-Links_funktionieren\" >Wie Affiliate-Links funktionieren<\/a><\/li><li class='ez-toc-page-1 ez-toc-heading-level-2'><a class=\"ez-toc-link ez-toc-heading-3\" href=\"https:\/\/fotoklic.com\/de\/partnerschaftsoffenlegung\/#Programme_an_denen_wir_teilnehmen\" >Programme, an denen wir teilnehmen<\/a><\/li><li class='ez-toc-page-1 ez-toc-heading-level-2'><a class=\"ez-toc-link ez-toc-heading-4\" href=\"https:\/\/fotoklic.com\/de\/partnerschaftsoffenlegung\/#Ihre_Erfahrung_aendert_sich_NICHT\" >Ihre Erfahrung \u00e4ndert sich NICHT<\/a><\/li><li class='ez-toc-page-1 ez-toc-heading-level-2'><a class=\"ez-toc-link ez-toc-heading-5\" href=\"https:\/\/fotoklic.com\/de\/partnerschaftsoffenlegung\/#Redaktionelle_Unabhaengigkeit\" >Redaktionelle Unabh\u00e4ngigkeit<\/a><\/li><li class='ez-toc-page-1 ez-toc-heading-level-2'><a class=\"ez-toc-link ez-toc-heading-6\" href=\"https:\/\/fotoklic.com\/de\/partnerschaftsoffenlegung\/#Warum_wir_Affiliates_einsetzen\" >Warum wir Affiliates einsetzen<\/a><\/li><li class='ez-toc-page-1 ez-toc-heading-level-2'><a class=\"ez-toc-link ez-toc-heading-7\" href=\"https:\/\/fotoklic.com\/de\/partnerschaftsoffenlegung\/#Ihre_Rechte_als_Leser\" >Ihre Rechte als Leser<\/a><\/li><li class='ez-toc-page-1 ez-toc-heading-level-2'><a class=\"ez-toc-link ez-toc-heading-8\" href=\"https:\/\/fotoklic.com\/de\/partnerschaftsoffenlegung\/#Cookies_und_Tracking\" >Cookies und Tracking<\/a><\/li><li class='ez-toc-page-1 ez-toc-heading-level-2'><a class=\"ez-toc-link ez-toc-heading-9\" href=\"https:\/\/fotoklic.com\/de\/partnerschaftsoffenlegung\/#Engagement_fuer_Transparenz\" >Engagement f\u00fcr Transparenz<\/a><\/li><li class='ez-toc-page-1 ez-toc-heading-level-2'><a class=\"ez-toc-link ez-toc-heading-10\" href=\"https:\/\/fotoklic.com\/de\/partnerschaftsoffenlegung\/#Einhaltung_von_Gesetzen\" >Einhaltung von Gesetzen<\/a><\/li><\/ul><\/nav><\/div>\n\n<p class=\"\"><strong>Zuletzt aktualisiert: 25. Juli 2025<\/strong><\/p>\n\n\n\n<h2 class=\"wp-block-heading\"><span class=\"ez-toc-section\" id=\"Transparenz_bei_der_Monetarisierung\"><\/span>Transparenz bei der Monetarisierung<span class=\"ez-toc-section-end\"><\/span><\/h2>\n\n\n\n<p class=\"\">Fotoklic.com nimmt an verschiedenen <strong>Partnerprogrammen<\/strong> teil, was bedeutet, dass wir eine Provision erhalten k\u00f6nnen, wenn Sie auf bestimmte Links klicken und einen Kauf t\u00e4tigen. Diese Offenlegung erfolgt in \u00dcbereinstimmung mit den Vorschriften der FTC (Vereinigte Staaten), GDPR (Europ\u00e4ische Union) und PROFECO (Mexiko). <\/p>\n\n\n\n<h2 class=\"wp-block-heading\"><span class=\"ez-toc-section\" id=\"Wie_Affiliate-Links_funktionieren\"><\/span>Wie Affiliate-Links funktionieren<span class=\"ez-toc-section-end\"><\/span><\/h2>\n\n\n\n<h3 class=\"wp-block-heading\">Was sind sie?<\/h3>\n\n\n\n<p class=\"\"><strong>Partnerlinks<\/strong> sind spezielle Links, die es uns erm\u00f6glichen, Verk\u00e4ufe zu verfolgen. Wenn Sie auf einen dieser Links klicken und etwas kaufen, erhalten wir eine kleine Provision von dem Verk\u00e4ufer. <\/p>\n\n\n\n<h3 class=\"wp-block-heading\">Wo finden Sie sie?<\/h3>\n\n\n\n<p class=\"\">Partnerlinks k\u00f6nnen auf erscheinen:<\/p>\n\n\n\n<ul class=\"wp-block-list\">\n<li class=\"\">Produktbewertungen<\/li>\n\n\n\n<li class=\"\">Artikel \u00fcber fotografische Ausr\u00fcstung<\/li>\n\n\n\n<li class=\"\">Einkaufsf\u00fchrer<\/li>\n\n\n\n<li class=\"\">Kamera- und Objektivvergleiche<\/li>\n<\/ul>\n\n\n\n<h3 class=\"wp-block-heading\">Eindeutige Identifizierung<\/h3>\n\n\n\n<p class=\"\"><strong>Wir kennzeichnen Affiliate-Links IMMER<\/strong> mit:<\/p>\n\n\n\n<ul class=\"wp-block-list\">\n<li class=\"\">Text mit der Aufschrift &#8222;(Partnerlink)&#8220;.<\/li>\n\n\n\n<li class=\"\">Haftungsausschluss am Anfang des Artikels<\/li>\n\n\n\n<li class=\"\">Diese Seite zur Offenlegung<\/li>\n<\/ul>\n\n\n\n<h2 class=\"wp-block-heading\"><span class=\"ez-toc-section\" id=\"Programme_an_denen_wir_teilnehmen\"><\/span>Programme, an denen wir teilnehmen<span class=\"ez-toc-section-end\"><\/span><\/h2>\n\n\n\n<p class=\"\">Wir nehmen derzeit an den Partnerprogrammen von:<\/p>\n\n\n\n<ul class=\"wp-block-list\">\n<li class=\"\"><strong>Amazon Associates<\/strong><\/li>\n\n\n\n<li class=\"\"><strong>Calumet Fotografisch<\/strong><\/li>\n\n\n\n<li class=\"\"><strong>B&amp;H Foto Video<\/strong><\/li>\n\n\n\n<li class=\"\">Andere H\u00e4ndler f\u00fcr fotografische Ausr\u00fcstung<\/li>\n<\/ul>\n\n\n\n<p class=\"\"><em>Diese Liste kann aktualisiert werden, wenn neue Partner hinzukommen.<\/em><\/p>\n\n\n\n<h2 class=\"wp-block-heading\"><span class=\"ez-toc-section\" id=\"Ihre_Erfahrung_aendert_sich_NICHT\"><\/span>Ihre Erfahrung \u00e4ndert sich NICHT<span class=\"ez-toc-section-end\"><\/span><\/h2>\n\n\n\n<h3 class=\"wp-block-heading\">Preis<\/h3>\n\n\n\n<ul class=\"wp-block-list\">\n<li class=\"\"><strong>Sie zahlen NICHT mehr<\/strong> f\u00fcr die Nutzung unserer Links<\/li>\n\n\n\n<li class=\"\">Der Preis ist <strong>genau der gleiche<\/strong><\/li>\n\n\n\n<li class=\"\">Die Provision wird von der Marge des Verk\u00e4ufers abgezogen<\/li>\n<\/ul>\n\n\n\n<h3 class=\"wp-block-heading\">Empfehlungen<\/h3>\n\n\n\n<ul class=\"wp-block-list\">\n<li class=\"\"><strong>Wir empfehlen nur<\/strong> Produkte, die wir f\u00fcr wertvoll halten<\/li>\n\n\n\n<li class=\"\"><strong>Wir testen<\/strong> die Ger\u00e4te wann immer m\u00f6glich <strong>pers\u00f6nlich<\/strong> <\/li>\n\n\n\n<li class=\"\"><strong>Unsere Meinung ist unabh\u00e4ngig<\/strong> und wird nicht von den Kommissionen beeinflusst.<\/li>\n<\/ul>\n\n\n\n<h2 class=\"wp-block-heading\"><span class=\"ez-toc-section\" id=\"Redaktionelle_Unabhaengigkeit\"><\/span>Redaktionelle Unabh\u00e4ngigkeit<span class=\"ez-toc-section-end\"><\/span><\/h2>\n\n\n\n<h3 class=\"wp-block-heading\">Unser Engagement<\/h3>\n\n\n\n<ul class=\"wp-block-list\">\n<li class=\"\"><strong>Kein Hersteller kann eine positive Bewertung &#8222;kaufen&#8220;.<\/strong><\/li>\n\n\n\n<li class=\"\"><strong>Wir w\u00e4hlen Produkte<\/strong> auf der Grundlage ihrer technischen Eigenschaften <strong>aus<\/strong> <\/li>\n\n\n\n<li class=\"\"><strong>Wir kritisieren, wenn n\u00f6tig<\/strong>, auch wenn es sich um Affiliate-Links handelt.<\/li>\n\n\n\n<li class=\"\"><strong>Transparenz<\/strong> ist unsere Priorit\u00e4t<\/li>\n<\/ul>\n\n\n\n<h3 class=\"wp-block-heading\">Redaktioneller Inhalt vs. Werbung <\/h3>\n\n\n\n<ul class=\"wp-block-list\">\n<li class=\"\"><strong>Redaktioneller Inhalt<\/strong>: Unsere ehrliche Meinung<\/li>\n\n\n\n<li class=\"\"><strong>Gesponserte Inhalte<\/strong>: Deutlich als &#8222;Werbung&#8220; oder &#8222;Gesponserte Inhalte&#8220; gekennzeichnet.<\/li>\n<\/ul>\n\n\n\n<h2 class=\"wp-block-heading\"><span class=\"ez-toc-section\" id=\"Warum_wir_Affiliates_einsetzen\"><\/span>Warum wir Affiliates einsetzen<span class=\"ez-toc-section-end\"><\/span><\/h2>\n\n\n\n<p class=\"\">Dieses Modell erm\u00f6glicht es uns:<\/p>\n\n\n\n<ul class=\"wp-block-list\">\n<li class=\"\"><strong>Halten Sie die Website<\/strong> f\u00fcr alle Leser <strong>kostenlos<\/strong> <\/li>\n\n\n\n<li class=\"\"><strong>Deckung der Kosten f\u00fcr<\/strong> Hosting, Forschung und Ausr\u00fcstung<\/li>\n\n\n\n<li class=\"\"><strong>Investieren Sie Zeit<\/strong> in detaillierte Bewertungen<\/li>\n\n\n\n<li class=\"\"><strong>Wahrung der<\/strong> redaktionellen <strong>Unabh\u00e4ngigkeit<\/strong> <\/li>\n\n\n\n<li class=\"\"><strong>Kein R\u00fcckgriff<\/strong> auf invasive Werbung<\/li>\n<\/ul>\n\n\n\n<h2 class=\"wp-block-heading\"><span class=\"ez-toc-section\" id=\"Ihre_Rechte_als_Leser\"><\/span>Ihre Rechte als Leser<span class=\"ez-toc-section-end\"><\/span><\/h2>\n\n\n\n<p class=\"\">Sie haben das Recht dazu:<\/p>\n\n\n\n<ul class=\"wp-block-list\">\n<li class=\"\"><strong>Erkennen,<\/strong> wann ein Link ein Affiliate-Link ist<\/li>\n\n\n\n<li class=\"\"><strong>W\u00e4hlen Sie, ob<\/strong> Sie unsere Links verwenden m\u00f6chten oder nicht<\/li>\n\n\n\n<li class=\"\"><strong>Kaufen Sie direkt<\/strong> in den Gesch\u00e4ften, wenn Sie es bevorzugen<\/li>\n\n\n\n<li class=\"\"><strong>Kontaktieren Sie uns<\/strong>, wenn Sie Fragen zu einer unserer Empfehlungen haben<\/li>\n<\/ul>\n\n\n\n<h2 class=\"wp-block-heading\"><span class=\"ez-toc-section\" id=\"Cookies_und_Tracking\"><\/span>Cookies und Tracking<span class=\"ez-toc-section-end\"><\/span><\/h2>\n\n\n\n<h3 class=\"wp-block-heading\">Technische Informationen<\/h3>\n\n\n\n<ul class=\"wp-block-list\">\n<li class=\"\">Partnerlinks <strong>k\u00f6nnen Cookies verwenden<\/strong>, um Verk\u00e4ufe zu verfolgen<\/li>\n\n\n\n<li class=\"\">Diese Cookies <strong>sammeln keine pers\u00f6nlichen Informationen<\/strong><\/li>\n\n\n\n<li class=\"\">Sie registrieren nur, dass Sie von unserer Website kommen.<\/li>\n<\/ul>\n\n\n\n<h3 class=\"wp-block-heading\">Ihre Kontrolle<\/h3>\n\n\n\n<ul class=\"wp-block-list\">\n<li class=\"\">Sie k\u00f6nnen <strong>Cookies<\/strong> in Ihrem Browser <strong>deaktivieren<\/strong> <\/li>\n\n\n\n<li class=\"\">Dies <strong>hat keinen Einfluss auf<\/strong> Ihr Surferlebnis<\/li>\n\n\n\n<li class=\"\">Es verhindert lediglich, dass wir eine Provision f\u00fcr Verk\u00e4ufe erhalten.<\/li>\n<\/ul>\n\n\n\n<h2 class=\"wp-block-heading\"><span class=\"ez-toc-section\" id=\"Engagement_fuer_Transparenz\"><\/span>Engagement f\u00fcr Transparenz<span class=\"ez-toc-section-end\"><\/span><\/h2>\n\n\n\n<h3 class=\"wp-block-heading\">Was wir versprechen<\/h3>\n\n\n\n<ul class=\"wp-block-list\">\n<li class=\"\">Kennzeichnen Sie <strong>immer<\/strong> Affiliate-Links<\/li>\n\n\n\n<li class=\"\">Empfehlen Sie <strong>niemals<\/strong> Produkte nur auf Provisionsbasis<\/li>\n\n\n\n<li class=\"\"><strong>Aktualisieren Sie<\/strong> diese Seite, wenn sich unsere Partner \u00e4ndern<\/li>\n\n\n\n<li class=\"\"><strong>Beantworten Sie<\/strong> alle Fragen zu unseren Empfehlungen<\/li>\n<\/ul>\n\n\n\n<h3 class=\"wp-block-heading\">Kontakt<\/h3>\n\n\n\n<p class=\"\">Wenn Sie Fragen haben zu:<\/p>\n\n\n\n<ul class=\"wp-block-list\">\n<li class=\"\">Unsere Empfehlungen<\/li>\n\n\n\n<li class=\"\">Spezifische Affiliate-Links<\/li>\n\n\n\n<li class=\"\">Diese Offenlegungspolitik<\/li>\n<\/ul>\n\n\n\n<p class=\"\"><strong>Kontaktieren Sie uns<\/strong>: <a href=\"https:\/\/fotoklic.com\/de\/contacto\/\">contacto@fotoklic.com<\/a><\/p>\n\n\n\n<h2 class=\"wp-block-heading\"><span class=\"ez-toc-section\" id=\"Einhaltung_von_Gesetzen\"><\/span>Einhaltung von Gesetzen<span class=\"ez-toc-section-end\"><\/span><\/h2>\n\n\n\n<p class=\"\">Diese Offenlegung entspricht den Vorschriften:<\/p>\n\n\n\n<ul class=\"wp-block-list\">\n<li class=\"\"><strong>FTC-Richtlinien<\/strong> (Vereinigte Staaten)<\/li>\n\n\n\n<li class=\"\"><strong>GDPR<\/strong> (Europ\u00e4ische Union)<\/li>\n\n\n\n<li class=\"\"><strong>Ley Federal de Protecci\u00f3n al Consumidor (Bundesverbraucherschutzgesetz<\/strong>) (Mexiko)<\/li>\n\n\n\n<li class=\"\">International <strong>bew\u00e4hrte Verfahren<\/strong> f\u00fcr Transparenz<\/li>\n<\/ul>\n\n\n\n<hr class=\"wp-block-separator has-alpha-channel-opacity\"\/>\n\n\n\n<p class=\"\"><strong>Vielen Dank f\u00fcr Ihre Unterst\u00fctzung und daf\u00fcr, dass Sie dieses Projekt m\u00f6glich gemacht haben. Ihr Vertrauen in unsere Empfehlungen erm\u00f6glicht es uns, weiterhin hochwertige Inhalte \u00fcber die Welt der Fotografie zu erstellen. <\/strong><\/p>\n","protected":false},"excerpt":{"rendered":"<p>Zuletzt aktualisiert: 25. Juli 2025 Transparenz bei der Monetarisierung Fotoklic.com nimmt an verschiedenen Partnerprogrammen teil, was bedeutet, dass wir eine Provision erhalten k\u00f6nnen, wenn Sie auf bestimmte Links klicken und einen Kauf t\u00e4tigen. Diese Offenlegung erfolgt in \u00dcbereinstimmung mit den Vorschriften der FTC (Vereinigte Staaten), GDPR (Europ\u00e4ische Union) und PROFECO (Mexiko). Wie Affiliate-Links funktionieren Was&#8230;<\/p>\n","protected":false},"author":1,"featured_media":0,"parent":0,"menu_order":0,"comment_status":"closed","ping_status":"closed","template":"","meta":{"_monsterinsights_skip_tracking":false,"_monsterinsights_sitenote_active":false,"_monsterinsights_sitenote_note":"","_monsterinsights_sitenote_category":0,"footnotes":""},"class_list":{"0":"post-2411","1":"page","2":"type-page","3":"status-publish","4":"hentry","5":"article","6":"","8":"has-excerpt","9":"has-avatar","10":"has-author","11":"has-nickname","12":"has-date","13":"has-comment-count","14":"has-read-more","15":"has-title","16":"thumbnail-","17":"has-tfm-share-icons"},"_links":{"self":[{"href":"https:\/\/fotoklic.com\/de\/wp-json\/wp\/v2\/pages\/2411","targetHints":{"allow":["GET"]}}],"collection":[{"href":"https:\/\/fotoklic.com\/de\/wp-json\/wp\/v2\/pages"}],"about":[{"href":"https:\/\/fotoklic.com\/de\/wp-json\/wp\/v2\/types\/page"}],"author":[{"embeddable":true,"href":"https:\/\/fotoklic.com\/de\/wp-json\/wp\/v2\/users\/1"}],"replies":[{"embeddable":true,"href":"https:\/\/fotoklic.com\/de\/wp-json\/wp\/v2\/comments?post=2411"}],"version-history":[{"count":5,"href":"https:\/\/fotoklic.com\/de\/wp-json\/wp\/v2\/pages\/2411\/revisions"}],"predecessor-version":[{"id":2868,"href":"https:\/\/fotoklic.com\/de\/wp-json\/wp\/v2\/pages\/2411\/revisions\/2868"}],"wp:attachment":[{"href":"https:\/\/fotoklic.com\/de\/wp-json\/wp\/v2\/media?parent=2411"}],"curies":[{"name":"wp","href":"https:\/\/api.w.org\/{rel}","templated":true}]}}